{"id":595,"date":"2024-05-30T12:12:14","date_gmt":"2024-05-30T10:12:14","guid":{"rendered":"http:\/\/tintgoal.it\/servizi\/"},"modified":"2025-06-18T15:48:18","modified_gmt":"2025-06-18T13:48:18","slug":"servizi","status":"publish","type":"page","link":"https:\/\/tintgoal.it\/en\/servizi\/","title":{"rendered":"Servizi"},"content":{"rendered":"\n<div class=\"wp-block-columns is-layout-flex wp-container-core-columns-is-layout-9d6595d7 wp-block-columns-is-layout-flex\">\n<div class=\"wp-block-column is-layout-flow wp-block-column-is-layout-flow\" style=\"flex-basis:48%\">\n<h5 class=\"wp-block-heading\">Consulenza<\/h5>\n\n\n\n<figure class=\"wp-block-image size-full\"><img loading=\"lazy\" decoding=\"async\" width=\"600\" height=\"220\" src=\"http:\/\/tintgoal.it\/wp-content\/uploads\/2024\/07\/consulenza-tintoria-goal.jpg\" alt=\"Azienda vista dall'alto\" class=\"wp-image-560\" srcset=\"https:\/\/tintgoal.it\/wp-content\/uploads\/2024\/07\/consulenza-tintoria-goal.jpg 600w, https:\/\/tintgoal.it\/wp-content\/uploads\/2024\/07\/consulenza-tintoria-goal-300x110.jpg 300w\" sizes=\"auto, (max-width: 600px) 100vw, 600px\" \/><\/figure>\n\n\n\n<p>Il nostro team ingegneristico e tecnico-commerciale si propone come partner del cliente in ogni aspetto riguardante la produzione e i trattamenti di tintura e finissaggio. L\u2019esperienza specialistica maturata nel settore, unita all\u2019attivit\u00e0 R&amp;D gestita nei nostri laboratori, si traducono indicazioni preziose per ottimizzare procedure e risultati.<\/p>\n<\/div>\n\n\n\n<div class=\"wp-block-column is-layout-flow wp-block-column-is-layout-flow\" style=\"flex-basis:4%\"><\/div>\n\n\n\n<div class=\"wp-block-column is-layout-flow wp-block-column-is-layout-flow\" style=\"flex-basis:48%\">\n<h5 class=\"wp-block-heading\">Laboratorio<\/h5>\n\n\n\n<figure class=\"wp-block-image size-full\"><img loading=\"lazy\" decoding=\"async\" width=\"600\" height=\"220\" src=\"http:\/\/tintgoal.it\/wp-content\/uploads\/2024\/06\/laboratorio-goal-colori-2.jpg\" alt=\"\" class=\"wp-image-475\" srcset=\"https:\/\/tintgoal.it\/wp-content\/uploads\/2024\/06\/laboratorio-goal-colori-2.jpg 600w, https:\/\/tintgoal.it\/wp-content\/uploads\/2024\/06\/laboratorio-goal-colori-2-300x110.jpg 300w\" sizes=\"auto, (max-width: 600px) 100vw, 600px\" \/><\/figure>\n\n\n\n<p>Siamo dotati internamente di 2 laboratori dedicati ed indipendenti, uno per quanto concerne tutto ci\u00f2 che concerne il colore ed un altro per il controllo delle caratteristiche finite di qualit\u00e0, come stabilit\u00e0, solidit\u00e0, elasticit\u00e0, resistenza.<\/p>\n<\/div>\n<\/div>\n\n\n\n<div style=\"height:40px\" aria-hidden=\"true\" class=\"wp-block-spacer\"><\/div>\n\n\n\n<div class=\"wp-block-columns is-layout-flex wp-container-core-columns-is-layout-9d6595d7 wp-block-columns-is-layout-flex\">\n<div class=\"wp-block-column is-layout-flow wp-block-column-is-layout-flow\" style=\"flex-basis:48%\">\n<h5 class=\"wp-block-heading\">Specolatura tessuti<\/h5>\n\n\n\n<figure class=\"wp-block-image size-full\"><img loading=\"lazy\" decoding=\"async\" width=\"600\" height=\"220\" src=\"http:\/\/tintgoal.it\/wp-content\/uploads\/2024\/06\/Servizi-specole-2.jpg\" alt=\"\" class=\"wp-image-473\" srcset=\"https:\/\/tintgoal.it\/wp-content\/uploads\/2024\/06\/Servizi-specole-2.jpg 600w, https:\/\/tintgoal.it\/wp-content\/uploads\/2024\/06\/Servizi-specole-2-300x110.jpg 300w\" sizes=\"auto, (max-width: 600px) 100vw, 600px\" \/><\/figure>\n\n\n\n<p>Per assicurare completa rispondenza delle caratteristiche quantitative e qualitative dei prodotti realizzati e che saranno consegnati al cliente, effettuiamo la specolatura dei tessuti tramite appositi impianti di verifica, dotati di supporto informatico al monitoraggio. Confermiamo in questo modo la completa rispondenza all\u2019ordine di fornitura in conformit\u00e0 con il capitolato di ogni singolo stock di prodotto.<\/p>\n<\/div>\n\n\n\n<div class=\"wp-block-column is-layout-flow wp-block-column-is-layout-flow\" style=\"flex-basis:4%\"><\/div>\n\n\n\n<div class=\"wp-block-column is-layout-flow wp-block-column-is-layout-flow\" style=\"flex-basis:48%\">\n<h5 class=\"wp-block-heading\">Campionature<\/h5>\n\n\n\n<figure class=\"wp-block-image size-full\"><img loading=\"lazy\" decoding=\"async\" width=\"600\" height=\"220\" src=\"http:\/\/tintgoal.it\/wp-content\/uploads\/2024\/06\/Servizi-campionatura-1.jpg\" alt=\"\" class=\"wp-image-451\" srcset=\"https:\/\/tintgoal.it\/wp-content\/uploads\/2024\/06\/Servizi-campionatura-1.jpg 600w, https:\/\/tintgoal.it\/wp-content\/uploads\/2024\/06\/Servizi-campionatura-1-300x110.jpg 300w\" sizes=\"auto, (max-width: 600px) 100vw, 600px\" \/><\/figure>\n\n\n\n<p>Siamo disponibili a realizzare campionature per una verifica pratica dei risultati di intervento e trattamento, tale da confermare le aspettative progettuali e la competitivit\u00e0 economica del prodotto finito. Il servizio \u00e8 particolarmente importante e vantaggioso nel caso di prove e sperimentazioni riferite a tessuti particolari per tipologie, composizione e finissaggi\/nobilitazioni.<\/p>\n<\/div>\n<\/div>\n\n\n\n<div style=\"height:40px\" aria-hidden=\"true\" class=\"wp-block-spacer\"><\/div>\n\n\n\n<div class=\"wp-block-columns is-layout-flex wp-container-core-columns-is-layout-9d6595d7 wp-block-columns-is-layout-flex\">\n<div class=\"wp-block-column is-layout-flow wp-block-column-is-layout-flow\" style=\"flex-basis:48%\">\n<h5 class=\"wp-block-heading\">Lavorazione tessuti<\/h5>\n\n\n\n<figure class=\"wp-block-image size-full\"><img loading=\"lazy\" decoding=\"async\" width=\"600\" height=\"220\" src=\"http:\/\/tintgoal.it\/wp-content\/uploads\/2024\/06\/Servizi-lavorazione-1.jpg\" alt=\"\" class=\"wp-image-477\" srcset=\"https:\/\/tintgoal.it\/wp-content\/uploads\/2024\/06\/Servizi-lavorazione-1.jpg 600w, https:\/\/tintgoal.it\/wp-content\/uploads\/2024\/06\/Servizi-lavorazione-1-300x110.jpg 300w\" sizes=\"auto, (max-width: 600px) 100vw, 600px\" \/><\/figure>\n\n\n\n<p>Il nostro impegno produttivo si basa su un preciso principio che ci caratterizza e posiziona da sempre: coordiniamo interventi, troviamo soluzioni, ottimizziamo procedure. All\u2019interno di questa articolazione di valori, stabiliamo insieme al cliente le scelte migliori per ottimizzare il rapporto lavorazioni\/qualit\u00e0\/costi.<\/p>\n<\/div>\n\n\n\n<div class=\"wp-block-column is-layout-flow wp-block-column-is-layout-flow\" style=\"flex-basis:4%\"><\/div>\n\n\n\n<div class=\"wp-block-column is-layout-flow wp-block-column-is-layout-flow\" style=\"flex-basis:48%\">\n<h5 class=\"wp-block-heading\">Magazzino<\/h5>\n\n\n\n<figure class=\"wp-block-image size-full\"><img loading=\"lazy\" decoding=\"async\" width=\"600\" height=\"220\" src=\"http:\/\/tintgoal.it\/wp-content\/uploads\/2024\/06\/Servizi-magazzino-1.jpg\" alt=\"Magazzino servizi\" class=\"wp-image-479\" srcset=\"https:\/\/tintgoal.it\/wp-content\/uploads\/2024\/06\/Servizi-magazzino-1.jpg 600w, https:\/\/tintgoal.it\/wp-content\/uploads\/2024\/06\/Servizi-magazzino-1-300x110.jpg 300w\" sizes=\"auto, (max-width: 600px) 100vw, 600px\" \/><\/figure>\n\n\n\n<p>Gestiamo stoccaggi per conto dei clienti, assicurando i vantaggi di una logistica specialistica e dedicata. Le nostre strutture, oltre alle condizioni ideali di stoccaggio per i tessuti, mettono a disposizione i vantaggi dell&#8217;automazione e le tecnologie digitali&nbsp;per favorire efficienza di magazzino, protezione del prodotto finito e minitoraggio delle giacenze.<\/p>\n<\/div>\n<\/div>\n","protected":false},"excerpt":{"rendered":"<p>Consulenza Il nostro team ingegneristico e tecnico-commerciale si propone come partner del cliente in ogni aspetto riguardante la produzione e i trattamenti di tintura e finissaggio. L\u2019esperienza specialistica maturata nel settore, unita all\u2019attivit\u00e0 R&amp;D gestita nei nostri laboratori, si traducono indicazioni preziose per ottimizzare procedure e risultati. Laboratorio Siamo dotati internamente di 2 laboratori dedicati [&hellip;]<\/p>\n","protected":false},"author":1,"featured_media":0,"parent":0,"menu_order":0,"comment_status":"closed","ping_status":"closed","template":"template_servizi.php","meta":{"_acf_changed":false,"footnotes":""},"class_list":["post-595","page","type-page","status-publish","hentry"],"acf":[],"yoast_head":"<!-- This site is optimized with the Yoast SEO plugin v27.2 - https:\/\/yoast.com\/product\/yoast-seo-wordpress\/ -->\n<title>Servizi - Goal S.p.a. *<\/title>\n<meta name=\"robots\" content=\"index, follow, max-snippet:-1, max-image-preview:large, max-video-preview:-1\" \/>\n<link rel=\"canonical\" href=\"http:\/\/tintgoal.it\/en\/servizi\/\" \/>\n<meta property=\"og:locale\" content=\"en_US\" \/>\n<meta property=\"og:type\" content=\"article\" \/>\n<meta property=\"og:title\" content=\"Servizi - Goal S.p.a. *\" \/>\n<meta property=\"og:description\" content=\"Consulenza Il nostro team ingegneristico e tecnico-commerciale si propone come partner del cliente in ogni aspetto riguardante la produzione e i trattamenti di tintura e finissaggio. L\u2019esperienza specialistica maturata nel settore, unita all\u2019attivit\u00e0 R&amp;D gestita nei nostri laboratori, si traducono indicazioni preziose per ottimizzare procedure e risultati. Laboratorio Siamo dotati internamente di 2 laboratori dedicati [&hellip;]\" \/>\n<meta property=\"og:url\" content=\"http:\/\/tintgoal.it\/en\/servizi\/\" \/>\n<meta property=\"og:site_name\" content=\"Goal S.p.a. *\" \/>\n<meta property=\"article:modified_time\" content=\"2025-06-18T13:48:18+00:00\" \/>\n<meta property=\"og:image\" content=\"http:\/\/tintgoal.it\/wp-content\/uploads\/2024\/07\/consulenza-tintoria-goal.jpg\" \/>\n<meta name=\"twitter:card\" content=\"summary_large_image\" \/>\n<meta name=\"twitter:label1\" content=\"Est. reading time\" \/>\n\t<meta name=\"twitter:data1\" content=\"3 minutes\" \/>\n<script type=\"application\/ld+json\" class=\"yoast-schema-graph\">{\"@context\":\"https:\/\/schema.org\",\"@graph\":[{\"@type\":\"WebPage\",\"@id\":\"http:\/\/tintgoal.it\/en\/servizi\/\",\"url\":\"http:\/\/tintgoal.it\/en\/servizi\/\",\"name\":\"Servizi - Goal S.p.a. *\",\"isPartOf\":{\"@id\":\"https:\/\/tintgoal.it\/#website\"},\"primaryImageOfPage\":{\"@id\":\"http:\/\/tintgoal.it\/en\/servizi\/#primaryimage\"},\"image\":{\"@id\":\"http:\/\/tintgoal.it\/en\/servizi\/#primaryimage\"},\"thumbnailUrl\":\"http:\/\/tintgoal.it\/wp-content\/uploads\/2024\/07\/consulenza-tintoria-goal.jpg\",\"datePublished\":\"2024-05-30T10:12:14+00:00\",\"dateModified\":\"2025-06-18T13:48:18+00:00\",\"breadcrumb\":{\"@id\":\"http:\/\/tintgoal.it\/en\/servizi\/#breadcrumb\"},\"inLanguage\":\"en-US\",\"potentialAction\":[{\"@type\":\"ReadAction\",\"target\":[\"http:\/\/tintgoal.it\/en\/servizi\/\"]}]},{\"@type\":\"ImageObject\",\"inLanguage\":\"en-US\",\"@id\":\"http:\/\/tintgoal.it\/en\/servizi\/#primaryimage\",\"url\":\"http:\/\/tintgoal.it\/wp-content\/uploads\/2024\/07\/consulenza-tintoria-goal.jpg\",\"contentUrl\":\"http:\/\/tintgoal.it\/wp-content\/uploads\/2024\/07\/consulenza-tintoria-goal.jpg\"},{\"@type\":\"BreadcrumbList\",\"@id\":\"http:\/\/tintgoal.it\/en\/servizi\/#breadcrumb\",\"itemListElement\":[{\"@type\":\"ListItem\",\"position\":1,\"name\":\"Home\",\"item\":\"https:\/\/tintgoal.it\/en\/\"},{\"@type\":\"ListItem\",\"position\":2,\"name\":\"Servizi\"}]},{\"@type\":\"WebSite\",\"@id\":\"https:\/\/tintgoal.it\/#website\",\"url\":\"https:\/\/tintgoal.it\/\",\"name\":\"Goal S.p.a. *\",\"description\":\"Tintoria e Finissaggio *\",\"potentialAction\":[{\"@type\":\"SearchAction\",\"target\":{\"@type\":\"EntryPoint\",\"urlTemplate\":\"https:\/\/tintgoal.it\/?s={search_term_string}\"},\"query-input\":{\"@type\":\"PropertyValueSpecification\",\"valueRequired\":true,\"valueName\":\"search_term_string\"}}],\"inLanguage\":\"en-US\"}]}<\/script>\n<!-- \/ Yoast SEO plugin. -->","yoast_head_json":{"title":"Servizi - Goal S.p.a. *","robots":{"index":"index","follow":"follow","max-snippet":"max-snippet:-1","max-image-preview":"max-image-preview:large","max-video-preview":"max-video-preview:-1"},"canonical":"http:\/\/tintgoal.it\/en\/servizi\/","og_locale":"en_US","og_type":"article","og_title":"Servizi - Goal S.p.a. *","og_description":"Consulenza Il nostro team ingegneristico e tecnico-commerciale si propone come partner del cliente in ogni aspetto riguardante la produzione e i trattamenti di tintura e finissaggio. L\u2019esperienza specialistica maturata nel settore, unita all\u2019attivit\u00e0 R&amp;D gestita nei nostri laboratori, si traducono indicazioni preziose per ottimizzare procedure e risultati. Laboratorio Siamo dotati internamente di 2 laboratori dedicati [&hellip;]","og_url":"http:\/\/tintgoal.it\/en\/servizi\/","og_site_name":"Goal S.p.a. *","article_modified_time":"2025-06-18T13:48:18+00:00","og_image":[{"url":"http:\/\/tintgoal.it\/wp-content\/uploads\/2024\/07\/consulenza-tintoria-goal.jpg","type":"","width":"","height":""}],"twitter_card":"summary_large_image","twitter_misc":{"Est. reading time":"3 minutes"},"schema":{"@context":"https:\/\/schema.org","@graph":[{"@type":"WebPage","@id":"http:\/\/tintgoal.it\/en\/servizi\/","url":"http:\/\/tintgoal.it\/en\/servizi\/","name":"Servizi - Goal S.p.a. *","isPartOf":{"@id":"https:\/\/tintgoal.it\/#website"},"primaryImageOfPage":{"@id":"http:\/\/tintgoal.it\/en\/servizi\/#primaryimage"},"image":{"@id":"http:\/\/tintgoal.it\/en\/servizi\/#primaryimage"},"thumbnailUrl":"http:\/\/tintgoal.it\/wp-content\/uploads\/2024\/07\/consulenza-tintoria-goal.jpg","datePublished":"2024-05-30T10:12:14+00:00","dateModified":"2025-06-18T13:48:18+00:00","breadcrumb":{"@id":"http:\/\/tintgoal.it\/en\/servizi\/#breadcrumb"},"inLanguage":"en-US","potentialAction":[{"@type":"ReadAction","target":["http:\/\/tintgoal.it\/en\/servizi\/"]}]},{"@type":"ImageObject","inLanguage":"en-US","@id":"http:\/\/tintgoal.it\/en\/servizi\/#primaryimage","url":"http:\/\/tintgoal.it\/wp-content\/uploads\/2024\/07\/consulenza-tintoria-goal.jpg","contentUrl":"http:\/\/tintgoal.it\/wp-content\/uploads\/2024\/07\/consulenza-tintoria-goal.jpg"},{"@type":"BreadcrumbList","@id":"http:\/\/tintgoal.it\/en\/servizi\/#breadcrumb","itemListElement":[{"@type":"ListItem","position":1,"name":"Home","item":"https:\/\/tintgoal.it\/en\/"},{"@type":"ListItem","position":2,"name":"Servizi"}]},{"@type":"WebSite","@id":"https:\/\/tintgoal.it\/#website","url":"https:\/\/tintgoal.it\/","name":"Goal S.p.a. *","description":"Tintoria e Finissaggio *","potentialAction":[{"@type":"SearchAction","target":{"@type":"EntryPoint","urlTemplate":"https:\/\/tintgoal.it\/?s={search_term_string}"},"query-input":{"@type":"PropertyValueSpecification","valueRequired":true,"valueName":"search_term_string"}}],"inLanguage":"en-US"}]}},"_links":{"self":[{"href":"https:\/\/tintgoal.it\/en\/wp-json\/wp\/v2\/pages\/595","targetHints":{"allow":["GET"]}}],"collection":[{"href":"https:\/\/tintgoal.it\/en\/wp-json\/wp\/v2\/pages"}],"about":[{"href":"https:\/\/tintgoal.it\/en\/wp-json\/wp\/v2\/types\/page"}],"author":[{"embeddable":true,"href":"https:\/\/tintgoal.it\/en\/wp-json\/wp\/v2\/users\/1"}],"replies":[{"embeddable":true,"href":"https:\/\/tintgoal.it\/en\/wp-json\/wp\/v2\/comments?post=595"}],"version-history":[{"count":9,"href":"https:\/\/tintgoal.it\/en\/wp-json\/wp\/v2\/pages\/595\/revisions"}],"predecessor-version":[{"id":762,"href":"https:\/\/tintgoal.it\/en\/wp-json\/wp\/v2\/pages\/595\/revisions\/762"}],"wp:attachment":[{"href":"https:\/\/tintgoal.it\/en\/wp-json\/wp\/v2\/media?parent=595"}],"curies":[{"name":"wp","href":"https:\/\/api.w.org\/{rel}","templated":true}]}}