{"id":591,"date":"2024-05-30T12:09:03","date_gmt":"2024-05-30T10:09:03","guid":{"rendered":"http:\/\/tintgoal.it\/azienda\/"},"modified":"2024-10-10T16:37:48","modified_gmt":"2024-10-10T14:37:48","slug":"azienda","status":"publish","type":"page","link":"https:\/\/tintgoal.it\/en\/azienda\/","title":{"rendered":"Company"},"content":{"rendered":"\n<div class=\"wp-block-columns is-layout-flex wp-container-core-columns-is-layout-9d6595d7 wp-block-columns-is-layout-flex\">\n<div class=\"wp-block-column is-layout-flow wp-block-column-is-layout-flow\" style=\"flex-basis:10%\"><\/div>\n\n\n\n<div class=\"wp-block-column is-layout-flow wp-block-column-is-layout-flow\" style=\"flex-basis:80%\">\n<p class=\"has-text-align-center\">Abbiamo deciso di distinguerci nello scenario del settore tintoriale italiano e delle lavorazioni su tessuti per conto terzi evidenziando un ruolo di vero partner del cliente. Ci muoviamo in squadra per fare goal. Esattamente questo spirito, nel corso degli anni, ci ha portato a trasformarci da azienda prettamente cotoniera legata all\u2019abbigliamento intimo, in realt\u00e0 che supporta il settore tessile a 360\u00b0.<\/p>\n<\/div>\n\n\n\n<div class=\"wp-block-column is-layout-flow wp-block-column-is-layout-flow\" style=\"flex-basis:10%\"><\/div>\n<\/div>\n\n\n\n<div style=\"height:80px\" aria-hidden=\"true\" class=\"wp-block-spacer\"><\/div>\n\n\n\n<div class=\"wp-block-columns is-layout-flex wp-container-core-columns-is-layout-9d6595d7 wp-block-columns-is-layout-flex\">\n<div class=\"wp-block-column is-layout-flow wp-block-column-is-layout-flow\" style=\"flex-basis:50%\">\n<figure class=\"wp-block-image size-full\"><img loading=\"lazy\" decoding=\"async\" width=\"1000\" height=\"667\" src=\"http:\/\/tintgoal.it\/wp-content\/uploads\/2024\/06\/azienda-principale-Goal.jpg\" alt=\"\" class=\"wp-image-460\" srcset=\"https:\/\/tintgoal.it\/wp-content\/uploads\/2024\/06\/azienda-principale-Goal.jpg 1000w, https:\/\/tintgoal.it\/wp-content\/uploads\/2024\/06\/azienda-principale-Goal-300x200.jpg 300w, https:\/\/tintgoal.it\/wp-content\/uploads\/2024\/06\/azienda-principale-Goal-768x512.jpg 768w\" sizes=\"auto, (max-width: 1000px) 100vw, 1000px\" \/><\/figure>\n<\/div>\n\n\n\n<div class=\"wp-block-column is-layout-flow wp-block-column-is-layout-flow\" style=\"flex-basis:2%\"><\/div>\n\n\n\n<div class=\"wp-block-column is-layout-flow wp-block-column-is-layout-flow\" style=\"flex-basis:48%\">\n<div style=\"height:30px\" aria-hidden=\"true\" class=\"wp-block-spacer\"><\/div>\n\n\n\n<p><strong>Le nostre capacit\u00e0 d\u2019intervento<\/strong> spaziano dall\u2019abbigliamento tecnico sportivo, ai prodotti per accoppiatura e spalmatura, ai tessuti per il fashion e, logicamente, anche per uso lingerie. Le principali fibre trattate sono il poliestere, la poliammide, il polipropilene, la viscosa, il micromodal, il cotone e anche la lana, come da tendenza in parte mista a fibra elastomerica, settore che ci sta dando crescenti soddisfazioni.<\/p>\n\n\n\n<p><strong>La nostra propositivit\u00e0<\/strong> scaturisce prima di tutto dalla ricerca costante di processi produttivi moderni e flessibili, efficaci e sicuri, che si traducono in lavorazioni innovative e competitive, da ogni punto di vista: flessibilit\u00e0, affidabilit\u00e0 e qualit\u00e0 del risultato, sempre con un occhio attento alle persone e l\u2019ecosistema, grazie a procedure esenti da sostanze nocive per la salute dell\u2019uomo e capaci di assicurare significative riduzioni dell\u2019impatto ambientale.<\/p>\n<\/div>\n<\/div>\n\n\n\n<div style=\"height:80px\" aria-hidden=\"true\" class=\"wp-block-spacer\"><\/div>\n\n\n\n<h3 class=\"wp-block-heading has-text-align-center\">Ogni progetto ci coinvolge e conquista come se fosse il primo<\/h3>\n\n\n\n<div style=\"height:40px\" aria-hidden=\"true\" class=\"wp-block-spacer\"><\/div>\n\n\n\n<div class=\"wp-block-columns is-layout-flex wp-container-core-columns-is-layout-9d6595d7 wp-block-columns-is-layout-flex\">\n<div class=\"wp-block-column is-layout-flow wp-block-column-is-layout-flow\" style=\"flex-basis:48%\">\n<p>L\u2019organizzazione della nostra filiera produttiva ci permette di rispondere anche alle tempistiche di consegna pi\u00f9 stringenti, in un range di lavorazione\/consegna che spazia da 7 giorni lavorativi a un massimo di tre settimane, in funzione delle lavorazioni e dei controlli qualitativi. Per unire a questa dinamicit\u00e0 una completa affidabilit\u00e0, abbiamo da tempo instaurato un sistema di \u201ctrasparenza per tracciatura\u201d, che utilizza le pi\u00f9 moderne tecnologie informatiche e digitali, in un\u2019ottica 4.0 e di smart manufacturing, che permette a ogni nostro cliente ed in qualsiasi momento, di conoscere e tenere monitorato le lavorazioni che ci sono state affidate.<\/p>\n<\/div>\n\n\n\n<div class=\"wp-block-column is-layout-flow wp-block-column-is-layout-flow\" style=\"flex-basis:4%\"><\/div>\n\n\n\n<div class=\"wp-block-column is-layout-flow wp-block-column-is-layout-flow\" style=\"flex-basis:48%\">\n<p>Ogni pezza viene visionata (specolata) e sistematicamente testata facendo riferimento ad un apposito capitolato di qualit\u00e0. Questa scelta \u00e8 stata determinata dalla volont\u00e0 di effettuare monitoraggi interni continuativi sull\u2019efficacia della nostra filiera, ma soprattutto di fornire al cliente finale un prodotto affidabile e \u201cpronto all\u2019uso\u201d senza alcun difetto. Siamo inoltre sempre pronti e disponibili ad approcciare nuove lavorazioni per materiali innovativi, ne \u00e8 la conferma il continuo rinnovo dei macchinari, la costante formazione dei collaboratori e i crescenti investimenti in R&amp;D.<\/p>\n<\/div>\n<\/div>\n","protected":false},"excerpt":{"rendered":"<p>Abbiamo deciso di distinguerci nello scenario del settore tintoriale italiano e delle lavorazioni su tessuti per conto terzi evidenziando un ruolo di vero partner del cliente. Ci muoviamo in squadra per fare goal. Esattamente questo spirito, nel corso degli anni, ci ha portato a trasformarci da azienda prettamente cotoniera legata all\u2019abbigliamento intimo, in realt\u00e0 che [&hellip;]<\/p>\n","protected":false},"author":1,"featured_media":0,"parent":0,"menu_order":0,"comment_status":"closed","ping_status":"closed","template":"","meta":{"_acf_changed":false,"footnotes":""},"class_list":["post-591","page","type-page","status-publish","hentry"],"acf":[],"yoast_head":"<!-- This site is optimized with the Yoast SEO plugin v27.2 - https:\/\/yoast.com\/product\/yoast-seo-wordpress\/ -->\n<title>Company - Goal S.p.a. *<\/title>\n<meta name=\"robots\" content=\"index, follow, max-snippet:-1, max-image-preview:large, max-video-preview:-1\" \/>\n<link rel=\"canonical\" href=\"http:\/\/tintgoal.it\/en\/azienda\/\" \/>\n<meta property=\"og:locale\" content=\"en_US\" \/>\n<meta property=\"og:type\" content=\"article\" \/>\n<meta property=\"og:title\" content=\"Company - Goal S.p.a. *\" \/>\n<meta property=\"og:description\" content=\"Abbiamo deciso di distinguerci nello scenario del settore tintoriale italiano e delle lavorazioni su tessuti per conto terzi evidenziando un ruolo di vero partner del cliente. Ci muoviamo in squadra per fare goal. Esattamente questo spirito, nel corso degli anni, ci ha portato a trasformarci da azienda prettamente cotoniera legata all\u2019abbigliamento intimo, in realt\u00e0 che [&hellip;]\" \/>\n<meta property=\"og:url\" content=\"http:\/\/tintgoal.it\/en\/azienda\/\" \/>\n<meta property=\"og:site_name\" content=\"Goal S.p.a. *\" \/>\n<meta property=\"article:modified_time\" content=\"2024-10-10T14:37:48+00:00\" \/>\n<meta property=\"og:image\" content=\"http:\/\/tintgoal.it\/wp-content\/uploads\/2024\/06\/azienda-principale-Goal.jpg\" \/>\n<meta name=\"twitter:card\" content=\"summary_large_image\" \/>\n<meta name=\"twitter:label1\" content=\"Est. reading time\" \/>\n\t<meta name=\"twitter:data1\" content=\"3 minutes\" \/>\n<script type=\"application\/ld+json\" class=\"yoast-schema-graph\">{\"@context\":\"https:\/\/schema.org\",\"@graph\":[{\"@type\":\"WebPage\",\"@id\":\"http:\/\/tintgoal.it\/en\/azienda\/\",\"url\":\"http:\/\/tintgoal.it\/en\/azienda\/\",\"name\":\"Company - Goal S.p.a. *\",\"isPartOf\":{\"@id\":\"https:\/\/tintgoal.it\/#website\"},\"primaryImageOfPage\":{\"@id\":\"http:\/\/tintgoal.it\/en\/azienda\/#primaryimage\"},\"image\":{\"@id\":\"http:\/\/tintgoal.it\/en\/azienda\/#primaryimage\"},\"thumbnailUrl\":\"http:\/\/tintgoal.it\/wp-content\/uploads\/2024\/06\/azienda-principale-Goal.jpg\",\"datePublished\":\"2024-05-30T10:09:03+00:00\",\"dateModified\":\"2024-10-10T14:37:48+00:00\",\"breadcrumb\":{\"@id\":\"http:\/\/tintgoal.it\/en\/azienda\/#breadcrumb\"},\"inLanguage\":\"en-US\",\"potentialAction\":[{\"@type\":\"ReadAction\",\"target\":[\"http:\/\/tintgoal.it\/en\/azienda\/\"]}]},{\"@type\":\"ImageObject\",\"inLanguage\":\"en-US\",\"@id\":\"http:\/\/tintgoal.it\/en\/azienda\/#primaryimage\",\"url\":\"http:\/\/tintgoal.it\/wp-content\/uploads\/2024\/06\/azienda-principale-Goal.jpg\",\"contentUrl\":\"http:\/\/tintgoal.it\/wp-content\/uploads\/2024\/06\/azienda-principale-Goal.jpg\"},{\"@type\":\"BreadcrumbList\",\"@id\":\"http:\/\/tintgoal.it\/en\/azienda\/#breadcrumb\",\"itemListElement\":[{\"@type\":\"ListItem\",\"position\":1,\"name\":\"Home\",\"item\":\"https:\/\/tintgoal.it\/en\/\"},{\"@type\":\"ListItem\",\"position\":2,\"name\":\"Company\"}]},{\"@type\":\"WebSite\",\"@id\":\"https:\/\/tintgoal.it\/#website\",\"url\":\"https:\/\/tintgoal.it\/\",\"name\":\"Goal S.p.a. *\",\"description\":\"Tintoria e Finissaggio *\",\"potentialAction\":[{\"@type\":\"SearchAction\",\"target\":{\"@type\":\"EntryPoint\",\"urlTemplate\":\"https:\/\/tintgoal.it\/?s={search_term_string}\"},\"query-input\":{\"@type\":\"PropertyValueSpecification\",\"valueRequired\":true,\"valueName\":\"search_term_string\"}}],\"inLanguage\":\"en-US\"}]}<\/script>\n<!-- \/ Yoast SEO plugin. -->","yoast_head_json":{"title":"Company - Goal S.p.a. *","robots":{"index":"index","follow":"follow","max-snippet":"max-snippet:-1","max-image-preview":"max-image-preview:large","max-video-preview":"max-video-preview:-1"},"canonical":"http:\/\/tintgoal.it\/en\/azienda\/","og_locale":"en_US","og_type":"article","og_title":"Company - Goal S.p.a. *","og_description":"Abbiamo deciso di distinguerci nello scenario del settore tintoriale italiano e delle lavorazioni su tessuti per conto terzi evidenziando un ruolo di vero partner del cliente. Ci muoviamo in squadra per fare goal. Esattamente questo spirito, nel corso degli anni, ci ha portato a trasformarci da azienda prettamente cotoniera legata all\u2019abbigliamento intimo, in realt\u00e0 che [&hellip;]","og_url":"http:\/\/tintgoal.it\/en\/azienda\/","og_site_name":"Goal S.p.a. *","article_modified_time":"2024-10-10T14:37:48+00:00","og_image":[{"url":"http:\/\/tintgoal.it\/wp-content\/uploads\/2024\/06\/azienda-principale-Goal.jpg","type":"","width":"","height":""}],"twitter_card":"summary_large_image","twitter_misc":{"Est. reading time":"3 minutes"},"schema":{"@context":"https:\/\/schema.org","@graph":[{"@type":"WebPage","@id":"http:\/\/tintgoal.it\/en\/azienda\/","url":"http:\/\/tintgoal.it\/en\/azienda\/","name":"Company - Goal S.p.a. *","isPartOf":{"@id":"https:\/\/tintgoal.it\/#website"},"primaryImageOfPage":{"@id":"http:\/\/tintgoal.it\/en\/azienda\/#primaryimage"},"image":{"@id":"http:\/\/tintgoal.it\/en\/azienda\/#primaryimage"},"thumbnailUrl":"http:\/\/tintgoal.it\/wp-content\/uploads\/2024\/06\/azienda-principale-Goal.jpg","datePublished":"2024-05-30T10:09:03+00:00","dateModified":"2024-10-10T14:37:48+00:00","breadcrumb":{"@id":"http:\/\/tintgoal.it\/en\/azienda\/#breadcrumb"},"inLanguage":"en-US","potentialAction":[{"@type":"ReadAction","target":["http:\/\/tintgoal.it\/en\/azienda\/"]}]},{"@type":"ImageObject","inLanguage":"en-US","@id":"http:\/\/tintgoal.it\/en\/azienda\/#primaryimage","url":"http:\/\/tintgoal.it\/wp-content\/uploads\/2024\/06\/azienda-principale-Goal.jpg","contentUrl":"http:\/\/tintgoal.it\/wp-content\/uploads\/2024\/06\/azienda-principale-Goal.jpg"},{"@type":"BreadcrumbList","@id":"http:\/\/tintgoal.it\/en\/azienda\/#breadcrumb","itemListElement":[{"@type":"ListItem","position":1,"name":"Home","item":"https:\/\/tintgoal.it\/en\/"},{"@type":"ListItem","position":2,"name":"Company"}]},{"@type":"WebSite","@id":"https:\/\/tintgoal.it\/#website","url":"https:\/\/tintgoal.it\/","name":"Goal S.p.a. *","description":"Tintoria e Finissaggio *","potentialAction":[{"@type":"SearchAction","target":{"@type":"EntryPoint","urlTemplate":"https:\/\/tintgoal.it\/?s={search_term_string}"},"query-input":{"@type":"PropertyValueSpecification","valueRequired":true,"valueName":"search_term_string"}}],"inLanguage":"en-US"}]}},"_links":{"self":[{"href":"https:\/\/tintgoal.it\/en\/wp-json\/wp\/v2\/pages\/591","targetHints":{"allow":["GET"]}}],"collection":[{"href":"https:\/\/tintgoal.it\/en\/wp-json\/wp\/v2\/pages"}],"about":[{"href":"https:\/\/tintgoal.it\/en\/wp-json\/wp\/v2\/types\/page"}],"author":[{"embeddable":true,"href":"https:\/\/tintgoal.it\/en\/wp-json\/wp\/v2\/users\/1"}],"replies":[{"embeddable":true,"href":"https:\/\/tintgoal.it\/en\/wp-json\/wp\/v2\/comments?post=591"}],"version-history":[{"count":7,"href":"https:\/\/tintgoal.it\/en\/wp-json\/wp\/v2\/pages\/591\/revisions"}],"predecessor-version":[{"id":669,"href":"https:\/\/tintgoal.it\/en\/wp-json\/wp\/v2\/pages\/591\/revisions\/669"}],"wp:attachment":[{"href":"https:\/\/tintgoal.it\/en\/wp-json\/wp\/v2\/media?parent=591"}],"curies":[{"name":"wp","href":"https:\/\/api.w.org\/{rel}","templated":true}]}}